{"id":27,"date":"2019-10-24T17:08:11","date_gmt":"2019-10-24T15:08:11","guid":{"rendered":"http:\/\/coteacoast.org\/?page_id=27"},"modified":"2026-03-10T13:39:35","modified_gmt":"2026-03-10T12:39:35","slug":"les-commissions","status":"publish","type":"page","link":"https:\/\/coteacoast.org\/index.php\/les-commissions\/","title":{"rendered":"Les commissions"},"content":{"rendered":"<p>[et_pb_section fb_built=\u00a0\u00bb1&Prime; _builder_version=\u00a0\u00bb4.16&Prime; background_color=\u00a0\u00bb#f4f4f4&Prime; global_colors_info=\u00a0\u00bb{}\u00a0\u00bb][et_pb_row admin_label=\u00a0\u00bbPr\u00e9sentation\u00a0\u00bb _builder_version=\u00a0\u00bb4.16&Prime; collapsed=\u00a0\u00bbon\u00a0\u00bb global_colors_info=\u00a0\u00bb{}\u00a0\u00bb][et_pb_column type=\u00a0\u00bb4_4&Prime; _builder_version=\u00a0\u00bb4.16&Prime; global_colors_info=\u00a0\u00bb{}\u00a0\u00bb][et_pb_text _builder_version=\u00a0\u00bb4.19.1&Prime; header_text_align=\u00a0\u00bbcenter\u00a0\u00bb global_colors_info=\u00a0\u00bb{}\u00a0\u00bb]<\/p>\n<h1>Pr\u00e9sentation des Commissions de l&rsquo;association<\/h1>\n<p>[\/et_pb_text][\/et_pb_column][\/et_pb_row][et_pb_row admin_label=\u00a0\u00bbVoyages et sorties\u00a0\u00bb _builder_version=\u00a0\u00bb4.27.5&Prime; _dynamic_attributes=\u00a0\u00bblink_option_url\u00a0\u00bb link_option_url=\u00a0\u00bb@ET-DC@eyJkeW5hbWljIjp0cnVlLCJjb250ZW50IjoicG9zdF9saW5rX3VybF9wb3N0Iiwic2V0dGluZ3MiOnsicG9zdF9pZCI6IjEwOTcifX0=@\u00a0\u00bb collapsed=\u00a0\u00bboff\u00a0\u00bb global_colors_info=\u00a0\u00bb{}\u00a0\u00bb][et_pb_column type=\u00a0\u00bb4_4&Prime; _builder_version=\u00a0\u00bb4.16&Prime; global_colors_info=\u00a0\u00bb{}\u00a0\u00bb][et_pb_text _builder_version=\u00a0\u00bb4.27.5&Prime; _module_preset=\u00a0\u00bbdefault\u00a0\u00bb hover_enabled=\u00a0\u00bb0&Prime; global_colors_info=\u00a0\u00bb{}\u00a0\u00bb sticky_enabled=\u00a0\u00bb0&Prime;]<\/p>\n<h2 class=\"\"><span class=\"\">Voyage \u00e0 Cork et\u00a0Baltimore\u00a0(du 20 au 24 septembre 2025)<\/span><\/h2>\n<div class=\"\">\n<div class=\"\"><span class=\"\">En 2024, nous avons accueilli 21 personnes de Baltimore \u00e0 Marsilly et \u00e0 La Rochelle<\/span><\/div>\n<div class=\"\">\n<div class=\"page\" title=\"Page 7\">\n<div class=\"section\">\n<div class=\"layoutArea\">\n<div class=\"column\">\n<p class=\"\"><span class=\"\" style=\"font-family: Georgia;\">Dans le cadre de notre Jumelage avec le village de Baltimore, neuf personnes se sont rendues en Irlande entre le 20 et le 24 septembre 2025.<\/span><\/p>\n<p class=\"\"><span class=\"\" style=\"font-family: Georgia;\">Elles ont e\u0301te\u0301 accueillies chaleureusement par nos amis de Baltimore pendant deux nuite\u0301es. L\u2019occasion de visiter les installations des Sauveteurs en mer irlandais (cf. photo). Amitie\u0301s, convivialite\u0301, visites et\u00a0<\/span><span class=\"\">rires e\u0301taient de la partie. Un temps splendide nous a permis de profiter des magnifiques paysages de Baltimore. Ce voyage s&rsquo;est conclu par deux journe\u0301es dans la ville de Cork ou\u0300 nous avons pris l&rsquo;avion pour La Rochelle.<\/span><\/p>\n<\/div>\n<\/div>\n<\/div>\n<\/div>\n<div class=\"page\" title=\"Page 8\">\n<div class=\"section\">\n<div class=\"layoutArea\">\n<div class=\"column\">\n<p class=\"\"><span class=\"\" style=\"font-family: Georgia;\">Une invitation officielle a e\u0301te\u0301 faite a\u0300 Baltimore pour ce\u0301le\u0301brer ensemble en septembre 2026 le 10e\u0300me anniversaire du Jumelage Baltimore- Marsilly. A suivre&#8230;\u00a0<\/span><span class=\"\">\u00a0<\/span><\/p>\n<\/div>\n<\/div>\n<\/div>\n<\/div>\n<\/div>\n<div class=\"\"><a href=\"https:\/\/coteacoast.org\/index.php\/2025\/10\/01\/voyage-a-cork-et-baltimore-du-20-au-24-septembre-2025\/\"><span class=\"\">Voir le reportage photos \u00a0!<\/span><\/a><\/div>\n<\/div>\n<p>&nbsp;<\/p>\n<p>[\/et_pb_text][\/et_pb_column][\/et_pb_row][et_pb_row column_structure=\u00a0\u00bb1_2,1_2&Prime; admin_label=\u00a0\u00bbSortie Pub Irlandais\u00a0\u00bb _builder_version=\u00a0\u00bb4.16&Prime; collapsed=\u00a0\u00bbon\u00a0\u00bb global_colors_info=\u00a0\u00bb{}\u00a0\u00bb][et_pb_column type=\u00a0\u00bb1_2&Prime; _builder_version=\u00a0\u00bb4.16&Prime; global_colors_info=\u00a0\u00bb{}\u00a0\u00bb][et_pb_image src=\u00a0\u00bbhttp:\/\/coteacoast.org\/wp-content\/uploads\/2022\/05\/20211121_181805-rotated.jpeg\u00a0\u00bb title_text=\u00a0\u00bb20211121_181805&Prime; _builder_version=\u00a0\u00bb4.17.4&Prime; global_colors_info=\u00a0\u00bb{}\u00a0\u00bb][\/et_pb_image][\/et_pb_column][et_pb_column type=\u00a0\u00bb1_2&Prime; _builder_version=\u00a0\u00bb4.16&Prime; global_colors_info=\u00a0\u00bb{}\u00a0\u00bb][et_pb_text _builder_version=\u00a0\u00bb4.19.1&Prime; global_colors_info=\u00a0\u00bb{}\u00a0\u00bb]<\/p>\n<h2>Sorties aux pubs irlandais avec musique celtique<\/h2>\n<p>Deux \u00e0 trois fois par an C\u00f4te \u00e0 Coast donne rendez-vous \u00e0 ses adh\u00e9rents aux pubs irlandais de La Rochelle ou des environs afin d\u2019\u00e9couter les groupes de musique celtique, comme T\u00eate en l\u2019Eire, dans une ambiance d\u00e9tendue et festive.<\/p>\n<p>[\/et_pb_text][\/et_pb_column][\/et_pb_row][et_pb_row column_structure=\u00a0\u00bb1_2,1_2&Prime; admin_label=\u00a0\u00bbLiens vers \u00a0\u00bb _builder_version=\u00a0\u00bb4.16&Prime; collapsed=\u00a0\u00bbon\u00a0\u00bb global_colors_info=\u00a0\u00bb{}\u00a0\u00bb][et_pb_column type=\u00a0\u00bb1_2&Prime; _builder_version=\u00a0\u00bb4.16&Prime; global_colors_info=\u00a0\u00bb{}\u00a0\u00bb][et_pb_blurb title=\u00a0\u00bbAlbum Photo voyage 2018&Prime; image=\u00a0\u00bbhttp:\/\/coteacoast.org\/wp-content\/uploads\/2019\/11\/2018_Final-Voyage-Irlandais.001-150&#215;150.jpeg\u00a0\u00bb _builder_version=\u00a0\u00bb4.19.1&Prime; _dynamic_attributes=\u00a0\u00bblink_option_url\u00a0\u00bb header_text_align=\u00a0\u00bbcenter\u00a0\u00bb link_option_url=\u00a0\u00bb@ET-DC@eyJkeW5hbWljIjp0cnVlLCJjb250ZW50IjoicG9zdF9saW5rX3VybF9wb3N0Iiwic2V0dGluZ3MiOnsicG9zdF9pZCI6IjM0OCJ9fQ==@\u00a0\u00bb global_colors_info=\u00a0\u00bb{}\u00a0\u00bb][\/et_pb_blurb][\/et_pb_column][et_pb_column type=\u00a0\u00bb1_2&Prime; _builder_version=\u00a0\u00bb4.16&Prime; global_colors_info=\u00a0\u00bb{}\u00a0\u00bb][et_pb_blurb title=\u00a0\u00bbProjet de voyage 2020&Prime; image=\u00a0\u00bbhttp:\/\/coteacoast.org\/wp-content\/uploads\/2019\/11\/2018_Final-Voyage-Irlandais.038-150&#215;150.jpeg\u00a0\u00bb _builder_version=\u00a0\u00bb4.16&Prime; _dynamic_attributes=\u00a0\u00bblink_option_url\u00a0\u00bb header_text_align=\u00a0\u00bbcenter\u00a0\u00bb link_option_url=\u00a0\u00bb@ET-DC@eyJkeW5hbWljIjp0cnVlLCJjb250ZW50IjoicG9zdF9saW5rX3VybF9wb3N0Iiwic2V0dGluZ3MiOnsicG9zdF9pZCI6IjE0NSJ9fQ==@\u00a0\u00bb global_colors_info=\u00a0\u00bb{}\u00a0\u00bb][\/et_pb_blurb][\/et_pb_column][\/et_pb_row][et_pb_row column_structure=\u00a0\u00bb1_2,1_2&Prime; admin_label=\u00a0\u00bbConversation anglaise\u00a0\u00bb _builder_version=\u00a0\u00bb4.16&Prime; background_color=\u00a0\u00bb#ffffff\u00a0\u00bb custom_padding=\u00a0\u00bb10px|10px|10px|10px|false|false\u00a0\u00bb collapsed=\u00a0\u00bbon\u00a0\u00bb global_colors_info=\u00a0\u00bb{}\u00a0\u00bb][et_pb_column type=\u00a0\u00bb1_2&Prime; _builder_version=\u00a0\u00bb4.16&Prime; global_colors_info=\u00a0\u00bb{}\u00a0\u00bb][et_pb_text _builder_version=\u00a0\u00bb4.19.1&Prime; global_colors_info=\u00a0\u00bb{}\u00a0\u00bb]<\/p>\n<h1>Conversation Anglaise<\/h1>\n<div class=\"\">Tous les mardis (hors vacances scolaires), entre 14h30 et 16h, un groupe de nos adh\u00e9rents se retrouve dans la salle du Petit Poucet \u00e0 Marsilly pour perfectionner leur Anglais.\u00a0<span class=\"\">Dans une atmosph\u00e8re pas du tout \u00e9cole, les d\u00e9butants et les plus avanc\u00e9s partagent une s\u00e9ance aimable et surtout pas acad\u00e9mique.<\/span><\/div>\n<div class=\"\">Le but est de comprendre et parler mieux l\u2019Anglais courant, chacun \u00e0 son rythme.<\/div>\n<div class=\"\">Animateur anglais de ces soir\u00e9es, j\u2019ai v\u00e9cu en France depuis 2003. Je suis mari\u00e9 avec une Fran\u00e7aise, ex-enseignante, qui m\u2019aide \u00e0 faire les cours. On a d\u00e9m\u00e9nag\u00e9 ici \u00e0 Marsilly en 2016 en venant de Dordogne. Cadre commercial, j\u2019\u00e9tais libraire durant l\u2019essentiel de ma carri\u00e8re.<\/div>\n<div class=\"\">Vous pouvez passer (gratuitement) pour une s\u00e9ance d\u2019essai avec nous, et si \u00e7a vous pla\u00eet, l\u2019inscription est de 20 \u20ac chacun par an, ou 32 \u20ac pour un couple, comme adh\u00e9rent de C\u00f4te \u00e0 Coast pour qui je donne les cours.<\/div>\n<div class=\"\">Phil Grey.<\/div>\n<p>[\/et_pb_text][\/et_pb_column][et_pb_column type=\u00a0\u00bb1_2&Prime; _builder_version=\u00a0\u00bb4.16&Prime; global_colors_info=\u00a0\u00bb{}\u00a0\u00bb][et_pb_image src=\u00a0\u00bbhttp:\/\/coteacoast.org\/wp-content\/uploads\/2019\/12\/IMG_7246_5-1024&#215;683.jpg\u00a0\u00bb align=\u00a0\u00bbcenter\u00a0\u00bb _builder_version=\u00a0\u00bb4.16&Prime; global_colors_info=\u00a0\u00bb{}\u00a0\u00bb][\/et_pb_image][et_pb_text _builder_version=\u00a0\u00bb4.17.4&Prime; global_colors_info=\u00a0\u00bb{}\u00a0\u00bb]<\/p>\n<h4 style=\"text-align: center;\">Rendez-vous \u00e0 la Salle du Petit Poucet \u00e0 Marsilly<\/h4>\n<h4 style=\"text-align: center;\">Les Mardis apr\u00e8s-midi entre 14h30 et 16h00<\/h4>\n<p>[\/et_pb_text][\/et_pb_column][\/et_pb_row][et_pb_row column_structure=\u00a0\u00bb1_2,1_2&Prime; admin_label=\u00a0\u00bbEchanges scolaires\u00a0\u00bb _builder_version=\u00a0\u00bb4.16&Prime; background_color=\u00a0\u00bb#ffffff\u00a0\u00bb custom_padding=\u00a0\u00bb10px|10px|10px|10px|false|false\u00a0\u00bb collapsed=\u00a0\u00bbon\u00a0\u00bb global_colors_info=\u00a0\u00bb{}\u00a0\u00bb][et_pb_column type=\u00a0\u00bb1_2&Prime; _builder_version=\u00a0\u00bb4.16&Prime; global_colors_info=\u00a0\u00bb{}\u00a0\u00bb][et_pb_text _builder_version=\u00a0\u00bb4.19.1&Prime; global_colors_info=\u00a0\u00bb{}\u00a0\u00bb]<\/p>\n<h1>\u00c9changes Scolaires &#8211; Familles correspondants<\/h1>\n<p>Aller \u00e0 Baltimore avec un h\u00e9bergement en famille et en retour accueillir les jeunes irlandais chez nous. C&rsquo;est le principe de ces \u00e9changes organis\u00e9s pour les jeunes.<\/p>\n<p>C&rsquo;est ce\u00a0que nous avons \u00a0fait les \u00e9t\u00e9s 2017,2018,2019 !<\/p>\n<p>Jeanette Sarraud,\u00a0Muriel Masse<\/p>\n<p>[\/et_pb_text][et_pb_blurb title=\u00a0\u00bbAlbum photo voyage 2017&Prime; image=\u00a0\u00bbhttp:\/\/coteacoast.org\/wp-content\/uploads\/2019\/11\/2017_Jeunes-Album-photo.002-150&#215;150.jpeg\u00a0\u00bb _builder_version=\u00a0\u00bb4.16&Prime; _dynamic_attributes=\u00a0\u00bblink_option_url\u00a0\u00bb header_text_align=\u00a0\u00bbcenter\u00a0\u00bb link_option_url=\u00a0\u00bb@ET-DC@eyJkeW5hbWljIjp0cnVlLCJjb250ZW50IjoicG9zdF9saW5rX3VybF9wb3N0Iiwic2V0dGluZ3MiOnsicG9zdF9pZCI6IjQyMyJ9fQ==@\u00a0\u00bb global_colors_info=\u00a0\u00bb{}\u00a0\u00bb][\/et_pb_blurb][\/et_pb_column][et_pb_column type=\u00a0\u00bb1_2&Prime; _builder_version=\u00a0\u00bb4.16&Prime; global_colors_info=\u00a0\u00bb{}\u00a0\u00bb][et_pb_image src=\u00a0\u00bbhttp:\/\/coteacoast.org\/wp-content\/uploads\/2019\/10\/scolaire-.jpg\u00a0\u00bb _builder_version=\u00a0\u00bb4.16&Prime; global_colors_info=\u00a0\u00bb{}\u00a0\u00bb][\/et_pb_image][\/et_pb_column][\/et_pb_row][et_pb_row column_structure=\u00a0\u00bb1_2,1_2&Prime; admin_label=\u00a0\u00bbForum des associations\u00a0\u00bb _builder_version=\u00a0\u00bb4.16&Prime; collapsed=\u00a0\u00bbon\u00a0\u00bb global_colors_info=\u00a0\u00bb{}\u00a0\u00bb][et_pb_column type=\u00a0\u00bb1_2&Prime; _builder_version=\u00a0\u00bb4.16&Prime; global_colors_info=\u00a0\u00bb{}\u00a0\u00bb][et_pb_text _builder_version=\u00a0\u00bb4.16&Prime; global_colors_info=\u00a0\u00bb{}\u00a0\u00bb]<\/p>\n<h1 style=\"text-align: left;\">Forum des Associations<\/h1>\n<p>Nous participons tous les ans au forum des associations de Marsilly. Venez nous rencontrer !<\/p>\n<p>[\/et_pb_text][\/et_pb_column][et_pb_column type=\u00a0\u00bb1_2&Prime; _builder_version=\u00a0\u00bb4.16&Prime; global_colors_info=\u00a0\u00bb{}\u00a0\u00bb][et_pb_gallery gallery_ids=\u00a0\u00bb501,500,499,498,497,837&Prime; fullwidth=\u00a0\u00bbon\u00a0\u00bb _builder_version=\u00a0\u00bb4.19.1&Prime; auto=\u00a0\u00bbon\u00a0\u00bb auto_speed=\u00a0\u00bb4000&Prime; global_colors_info=\u00a0\u00bb{}\u00a0\u00bb][\/et_pb_gallery][\/et_pb_column][\/et_pb_row][\/et_pb_section][et_pb_section fb_built=\u00a0\u00bb1&Prime; admin_label=\u00a0\u00bbAirs celtiques\u00a0\u00bb _builder_version=\u00a0\u00bb4.19.1&Prime; background_color=\u00a0\u00bb#FFFFFF\u00a0\u00bb collapsed=\u00a0\u00bboff\u00a0\u00bb global_colors_info=\u00a0\u00bb{}\u00a0\u00bb][et_pb_row _builder_version=\u00a0\u00bb4.19.1&Prime; global_colors_info=\u00a0\u00bb{}\u00a0\u00bb][et_pb_column type=\u00a0\u00bb4_4&Prime; _builder_version=\u00a0\u00bb4.16&Prime; global_colors_info=\u00a0\u00bb{}\u00a0\u00bb][et_pb_text _builder_version=\u00a0\u00bb4.19.1&Prime; _module_preset=\u00a0\u00bbdefault\u00a0\u00bb global_colors_info=\u00a0\u00bb{}\u00a0\u00bb]<\/p>\n<h2><span>Airs Celtiques<\/span><\/h2>\n<p><span>Depuis cet automne, l\u2019association vous propose d\u2019apprendre des chants traditionnels irlandais. Les r\u00e9p\u00e9titions se tiennent salle de l\u2019Atelier sur un rythme d\u2019un mardi tous les quinze jours. Merci \u00e0 Henri qui assure l\u2019animation de cette nouvelle activit\u00e9 et aux membres musiciens qui se proposent d\u2019accompagner les chanteurs qui vous donnent rendez-vous pour la prochaine Saint-Patrick.<\/span><\/p>\n<p>[\/et_pb_text][\/et_pb_column][\/et_pb_row][et_pb_row column_structure=\u00a0\u00bb1_5,1_5,1_5,1_5,1_5&Prime; _builder_version=\u00a0\u00bb4.19.1&Prime; _module_preset=\u00a0\u00bbdefault\u00a0\u00bb global_colors_info=\u00a0\u00bb{}\u00a0\u00bb][et_pb_column type=\u00a0\u00bb1_5&Prime; _builder_version=\u00a0\u00bb4.19.1&Prime; _module_preset=\u00a0\u00bbdefault\u00a0\u00bb global_colors_info=\u00a0\u00bb{}\u00a0\u00bb][et_pb_blurb title=\u00a0\u00bbMolly Malone\u00a0\u00bb url=\u00a0\u00bbhttp:\/\/coteacoast.org\/wp-content\/uploads\/2022\/11\/1_Molly-Malone.pdf\u00a0\u00bb _builder_version=\u00a0\u00bb4.19.1&Prime; _module_preset=\u00a0\u00bbdefault\u00a0\u00bb link_option_url=\u00a0\u00bbhttp:\/\/coteacoast.org\/wp-content\/uploads\/2022\/11\/1_Molly-Malone.pdf\u00a0\u00bb global_colors_info=\u00a0\u00bb{}\u00a0\u00bb][\/et_pb_blurb][et_pb_blurb title=\u00a0\u00bbThe Fields of Athenry\u00a0\u00bb _builder_version=\u00a0\u00bb4.23.4&Prime; _module_preset=\u00a0\u00bbdefault\u00a0\u00bb link_option_url=\u00a0\u00bbhttp:\/\/coteacoast.org\/wp-content\/uploads\/2024\/01\/6_The-Fields-of-Athenry_fiche-1.pdf\u00a0\u00bb global_colors_info=\u00a0\u00bb{}\u00a0\u00bb][\/et_pb_blurb][et_pb_blurb title=\u00a0\u00bbMarie\u2019s Wedding\u00a0\u00bb url=\u00a0\u00bbhttp:\/\/coteacoast.org\/wp-content\/uploads\/2025\/02\/11_Marys-Wedding_fiche.pdf\u00a0\u00bb _builder_version=\u00a0\u00bb4.27.4&Prime; _module_preset=\u00a0\u00bbdefault\u00a0\u00bb link_option_url=\u00a0\u00bbhttp:\/\/coteacoast.org\/wp-content\/uploads\/2024\/01\/6_The-Fields-of-Athenry_fiche-1.pdf\u00a0\u00bb global_colors_info=\u00a0\u00bb{}\u00a0\u00bb][\/et_pb_blurb][\/et_pb_column][et_pb_column type=\u00a0\u00bb1_5&Prime; _builder_version=\u00a0\u00bb4.19.1&Prime; _module_preset=\u00a0\u00bbdefault\u00a0\u00bb global_colors_info=\u00a0\u00bb{}\u00a0\u00bb][et_pb_blurb title=\u00a0\u00bbDirty Old Town\u00a0\u00bb _builder_version=\u00a0\u00bb4.19.1&Prime; _module_preset=\u00a0\u00bbdefault\u00a0\u00bb link_option_url=\u00a0\u00bbhttp:\/\/coteacoast.org\/wp-content\/uploads\/2022\/11\/3_Dirty-Old-Town_fiche.pdf\u00a0\u00bb global_colors_info=\u00a0\u00bb{}\u00a0\u00bb][\/et_pb_blurb][et_pb_blurb title=\u00a0\u00bbThe Bog in the Valley-O\u00a0\u00bb _builder_version=\u00a0\u00bb4.23.4&Prime; _module_preset=\u00a0\u00bbdefault\u00a0\u00bb link_option_url=\u00a0\u00bbhttp:\/\/coteacoast.org\/wp-content\/uploads\/2024\/01\/7_The-Bog-in-the-Valley-O_fiche-1.pdf\u00a0\u00bb global_colors_info=\u00a0\u00bb{}\u00a0\u00bb][\/et_pb_blurb][et_pb_blurb title=\u00a0\u00bbThe Rising of the Moon\u00a0\u00bb url=\u00a0\u00bbhttp:\/\/coteacoast.org\/wp-content\/uploads\/2025\/02\/12_The-Rising-of-the-Moon_fiche.pdf\u00a0\u00bb _builder_version=\u00a0\u00bb4.27.4&Prime; _module_preset=\u00a0\u00bbdefault\u00a0\u00bb link_option_url=\u00a0\u00bbhttp:\/\/coteacoast.org\/wp-content\/uploads\/2024\/01\/6_The-Fields-of-Athenry_fiche-1.pdf\u00a0\u00bb global_colors_info=\u00a0\u00bb{}\u00a0\u00bb][\/et_pb_blurb][\/et_pb_column][et_pb_column type=\u00a0\u00bb1_5&Prime; _builder_version=\u00a0\u00bb4.19.1&Prime; _module_preset=\u00a0\u00bbdefault\u00a0\u00bb global_colors_info=\u00a0\u00bb{}\u00a0\u00bb][et_pb_blurb title=\u00a0\u00bbI&rsquo;ll Tell Me Ma\u00a0\u00bb _builder_version=\u00a0\u00bb4.19.1&Prime; _module_preset=\u00a0\u00bbdefault\u00a0\u00bb link_option_url=\u00a0\u00bbhttp:\/\/coteacoast.org\/wp-content\/uploads\/2022\/11\/2_Ill-tell-me-ma.pdf\u00a0\u00bb global_colors_info=\u00a0\u00bb{}\u00a0\u00bb][\/et_pb_blurb][et_pb_blurb title=\u00a0\u00bbDrunken Sailor\u00a0\u00bb _builder_version=\u00a0\u00bb4.23.4&Prime; _module_preset=\u00a0\u00bbdefault\u00a0\u00bb link_option_url=\u00a0\u00bbhttp:\/\/coteacoast.org\/wp-content\/uploads\/2024\/01\/8_Drunken-Sailor_fiche-1.pdf\u00a0\u00bb global_colors_info=\u00a0\u00bb{}\u00a0\u00bb][\/et_pb_blurb][et_pb_blurb title=\u00a0\u00bbThe Foggy Dew\u00a0\u00bb url=\u00a0\u00bbhttp:\/\/coteacoast.org\/wp-content\/uploads\/2025\/02\/13_The-Foggy-Dew_fiche.pdf\u00a0\u00bb _builder_version=\u00a0\u00bb4.27.4&Prime; _module_preset=\u00a0\u00bbdefault\u00a0\u00bb link_option_url=\u00a0\u00bbhttp:\/\/coteacoast.org\/wp-content\/uploads\/2024\/01\/6_The-Fields-of-Athenry_fiche-1.pdf\u00a0\u00bb global_colors_info=\u00a0\u00bb{}\u00a0\u00bb][\/et_pb_blurb][\/et_pb_column][et_pb_column type=\u00a0\u00bb1_5&Prime; _builder_version=\u00a0\u00bb4.19.1&Prime; _module_preset=\u00a0\u00bbdefault\u00a0\u00bb global_colors_info=\u00a0\u00bb{}\u00a0\u00bb][et_pb_blurb title=\u00a0\u00bbThe Wild Rover\u00a0\u00bb _builder_version=\u00a0\u00bb4.22.1&Prime; _module_preset=\u00a0\u00bbdefault\u00a0\u00bb link_option_url=\u00a0\u00bbhttp:\/\/coteacoast.org\/wp-content\/uploads\/2023\/03\/4_The-Wild-Rover_fiche.pdf\u00a0\u00bb global_colors_info=\u00a0\u00bb{}\u00a0\u00bb][\/et_pb_blurb][et_pb_blurb title=\u00a0\u00bbWhiskey in the Jar\u00a0\u00bb _builder_version=\u00a0\u00bb4.27.0&Prime; _module_preset=\u00a0\u00bbdefault\u00a0\u00bb link_option_url=\u00a0\u00bbhttp:\/\/coteacoast.org\/wp-content\/uploads\/2024\/10\/9_Whiskey-in-the-Jar_fiche.pdf\u00a0\u00bb global_colors_info=\u00a0\u00bb{}\u00a0\u00bb][\/et_pb_blurb][et_pb_blurb title=\u00a0\u00bbBig Strong Man\u00a0\u00bb url=\u00a0\u00bbhttp:\/\/coteacoast.org\/wp-content\/uploads\/2025\/02\/14_Big-Strong-Man_fiche.pdf\u00a0\u00bb _builder_version=\u00a0\u00bb4.27.4&Prime; _module_preset=\u00a0\u00bbdefault\u00a0\u00bb link_option_url=\u00a0\u00bbhttp:\/\/coteacoast.org\/wp-content\/uploads\/2024\/01\/6_The-Fields-of-Athenry_fiche-1.pdf\u00a0\u00bb global_colors_info=\u00a0\u00bb{}\u00a0\u00bb][\/et_pb_blurb][\/et_pb_column][et_pb_column type=\u00a0\u00bb1_5&Prime; _builder_version=\u00a0\u00bb4.19.1&Prime; _module_preset=\u00a0\u00bbdefault\u00a0\u00bb global_colors_info=\u00a0\u00bb{}\u00a0\u00bb][et_pb_blurb title=\u00a0\u00bbThe Water is Wide\u00a0\u00bb _builder_version=\u00a0\u00bb4.22.1&Prime; _module_preset=\u00a0\u00bbdefault\u00a0\u00bb link_option_url=\u00a0\u00bbhttp:\/\/coteacoast.org\/wp-content\/uploads\/2023\/09\/5_The-Water-Is-Wide_fiche.pdf\u00a0\u00bb global_colors_info=\u00a0\u00bb{}\u00a0\u00bb][\/et_pb_blurb][et_pb_blurb title=\u00a0\u00bbThe Soldier\u2019s Song\u00a0\u00bb _builder_version=\u00a0\u00bb4.27.0&Prime; _module_preset=\u00a0\u00bbdefault\u00a0\u00bb link_option_url=\u00a0\u00bbhttp:\/\/coteacoast.org\/wp-content\/uploads\/2024\/10\/10_The-Soldiers-Song_fiche.pdf\u00a0\u00bb global_colors_info=\u00a0\u00bb{}\u00a0\u00bb][\/et_pb_blurb][\/et_pb_column][\/et_pb_row][\/et_pb_section]<\/p>\n","protected":false},"excerpt":{"rendered":"<p>Pr\u00e9sentation des Commissions de l&rsquo;associationVoyage \u00e0 Cork et\u00a0Baltimore\u00a0(du 20 au 24 septembre 2025) En 2024, nous avons accueilli 21 personnes de Baltimore \u00e0 Marsilly et \u00e0 La Rochelle Dans le cadre de notre Jumelage avec le village de Baltimore, neuf personnes se sont rendues en Irlande entre le 20 et le 24 septembre 2025. Elles [&hellip;]<\/p>\n","protected":false},"author":1,"featured_media":0,"parent":0,"menu_order":0,"comment_status":"closed","ping_status":"closed","template":"","meta":{"_et_pb_use_builder":"on","_et_pb_old_content":"","_et_gb_content_width":"","footnotes":""},"class_list":["post-27","page","type-page","status-publish","hentry"],"jetpack_sharing_enabled":true,"_links":{"self":[{"href":"https:\/\/coteacoast.org\/index.php\/wp-json\/wp\/v2\/pages\/27","targetHints":{"allow":["GET"]}}],"collection":[{"href":"https:\/\/coteacoast.org\/index.php\/wp-json\/wp\/v2\/pages"}],"about":[{"href":"https:\/\/coteacoast.org\/index.php\/wp-json\/wp\/v2\/types\/page"}],"author":[{"embeddable":true,"href":"https:\/\/coteacoast.org\/index.php\/wp-json\/wp\/v2\/users\/1"}],"replies":[{"embeddable":true,"href":"https:\/\/coteacoast.org\/index.php\/wp-json\/wp\/v2\/comments?post=27"}],"version-history":[{"count":5,"href":"https:\/\/coteacoast.org\/index.php\/wp-json\/wp\/v2\/pages\/27\/revisions"}],"predecessor-version":[{"id":1106,"href":"https:\/\/coteacoast.org\/index.php\/wp-json\/wp\/v2\/pages\/27\/revisions\/1106"}],"wp:attachment":[{"href":"https:\/\/coteacoast.org\/index.php\/wp-json\/wp\/v2\/media?parent=27"}],"curies":[{"name":"wp","href":"https:\/\/api.w.org\/{rel}","templated":true}]}}