{"id":16,"date":"2019-10-24T16:55:00","date_gmt":"2019-10-24T14:55:00","guid":{"rendered":"http:\/\/coteacoast.org\/?page_id=16"},"modified":"2026-03-10T13:45:07","modified_gmt":"2026-03-10T12:45:07","slug":"le-conseil-dadministration","status":"publish","type":"page","link":"https:\/\/coteacoast.org\/index.php\/le-conseil-dadministration\/","title":{"rendered":"Le Conseil d&rsquo;Administration"},"content":{"rendered":"<p>[et_pb_section fb_built=\u00a0\u00bb1&Prime; _builder_version=\u00a0\u00bb4.16&Prime; background_color=\u00a0\u00bb#efefef\u00a0\u00bb global_colors_info=\u00a0\u00bb{}\u00a0\u00bb][et_pb_row _builder_version=\u00a0\u00bb4.16&Prime; global_colors_info=\u00a0\u00bb{}\u00a0\u00bb][et_pb_column type=\u00a0\u00bb4_4&Prime; _builder_version=\u00a0\u00bb4.16&Prime; global_colors_info=\u00a0\u00bb{}\u00a0\u00bb][et_pb_text _builder_version=\u00a0\u00bb4.16&Prime; global_colors_info=\u00a0\u00bb{}\u00a0\u00bb]<\/p>\n<h1>Le Conseil d&rsquo;administration<\/h1>\n<p>&nbsp;<\/p>\n<p>[\/et_pb_text][\/et_pb_column][\/et_pb_row][et_pb_row column_structure=\u00a0\u00bb1_4,1_4,1_4,1_4&Prime; _builder_version=\u00a0\u00bb4.16&Prime; background_color=\u00a0\u00bb#ffffff\u00a0\u00bb custom_padding=\u00a0\u00bb10px|10px|10px|10px|false|false\u00a0\u00bb global_colors_info=\u00a0\u00bb{}\u00a0\u00bb][et_pb_column type=\u00a0\u00bb1_4&Prime; _builder_version=\u00a0\u00bb4.16&Prime; global_colors_info=\u00a0\u00bb{}\u00a0\u00bb][et_pb_image src=\u00a0\u00bbhttp:\/\/coteacoast.org\/wp-content\/uploads\/2019\/11\/1_Rosaleen.jpg\u00a0\u00bb alt=\u00a0\u00bbRosaleen Ardouin\u00a0\u00bb title_text=\u00a0\u00bbRosaleen Ardouin\u00a0\u00bb _builder_version=\u00a0\u00bb4.16&Prime; global_colors_info=\u00a0\u00bb{}\u00a0\u00bb][\/et_pb_image][et_pb_text _builder_version=\u00a0\u00bb4.17.1&Prime; global_colors_info=\u00a0\u00bb{}\u00a0\u00bb]<\/p>\n<h3>Rosaleen Ardouin<\/h3>\n<h6>Pr\u00e9sidente<\/h6>\n<p>3, rue de l&rsquo;\u00eele de R\u00e9 17137 Marsilly<\/p>\n<p>\ud83d\udceb <a href=\"mailto:ardouin.evans@gmail.com\">ardouin.evans@gmail.com<\/a><\/p>\n<p>\ud83d\udcf106 65 55 17 23<\/p>\n<p>&nbsp;<\/p>\n<p>[\/et_pb_text][\/et_pb_column][et_pb_column type=\u00a0\u00bb1_4&Prime; _builder_version=\u00a0\u00bb4.16&Prime; global_colors_info=\u00a0\u00bb{}\u00a0\u00bb][et_pb_image src=\u00a0\u00bbhttp:\/\/coteacoast.org\/wp-content\/uploads\/2022\/05\/Saubesty.jpg\u00a0\u00bb alt=\u00a0\u00bbRosaleen Ardouin\u00a0\u00bb title_text=\u00a0\u00bbSaubesty\u00a0\u00bb _builder_version=\u00a0\u00bb4.17.1&Prime; global_colors_info=\u00a0\u00bb{}\u00a0\u00bb][\/et_pb_image][et_pb_text _builder_version=\u00a0\u00bb4.17.1&Prime; global_colors_info=\u00a0\u00bb{}\u00a0\u00bb]<\/p>\n<h3>Jean-Marie Saubesty<\/h3>\n<h6>Vice-pr\u00e9sident<\/h6>\n<p>\ud83d\udceb\u00a0<a href=\"mailto:jmsaubesty@orange.fr\">jmsaubesty@orange.fr<\/a><\/p>\n<p>&nbsp;<\/p>\n<p>&nbsp;<\/p>\n<p>&nbsp;<\/p>\n<p>[\/et_pb_text][\/et_pb_column][et_pb_column type=\u00a0\u00bb1_4&Prime; _builder_version=\u00a0\u00bb4.16&Prime; global_colors_info=\u00a0\u00bb{}\u00a0\u00bb][et_pb_image src=\u00a0\u00bbhttp:\/\/coteacoast.org\/wp-content\/uploads\/2021\/10\/Henri-1.jpg\u00a0\u00bb alt=\u00a0\u00bbHenri Arnaudet\u00a0\u00bb title_text=\u00a0\u00bbHenri\u00a0\u00bb align=\u00a0\u00bbcenter\u00a0\u00bb _builder_version=\u00a0\u00bb4.16&Prime; global_colors_info=\u00a0\u00bb{}\u00a0\u00bb][\/et_pb_image][et_pb_text _builder_version=\u00a0\u00bb4.17.1&Prime; global_colors_info=\u00a0\u00bb{}\u00a0\u00bb]<\/p>\n<h3>Henri Arnaudet<\/h3>\n<h6>Tr\u00e9sorier<\/h6>\n<p>\ud83d\udceb <a href=\"mailto:henri.arnaudet@gmail.com\">henri.arnaudet@gmail.com<\/a><\/p>\n<p>&nbsp;<\/p>\n<p>&nbsp;<\/p>\n<p>&nbsp;<\/p>\n<p>[\/et_pb_text][\/et_pb_column][et_pb_column type=\u00a0\u00bb1_4&Prime; _builder_version=\u00a0\u00bb4.16&Prime; global_colors_info=\u00a0\u00bb{}\u00a0\u00bb][et_pb_image src=\u00a0\u00bbhttp:\/\/coteacoast.org\/wp-content\/uploads\/2024\/03\/coteacoast-2.jpeg\u00a0\u00bb alt=\u00a0\u00bbMartine Millot\u00a0\u00bb title_text=\u00a0\u00bbcoteacoast-2&Prime; _builder_version=\u00a0\u00bb4.24.0&Prime; global_colors_info=\u00a0\u00bb{}\u00a0\u00bb][\/et_pb_image][et_pb_text _builder_version=\u00a0\u00bb4.24.0&Prime; global_colors_info=\u00a0\u00bb{}\u00a0\u00bb]<\/p>\n<h3>Martine Millot<\/h3>\n<h6>tr\u00e9sori\u00e8re adjointe<\/h6>\n<p><a href=\"mailto:martine.m.millot@gmail.com\">martine.m.millot@gmail.com<\/a><\/p>\n<p>&nbsp;<\/p>\n<p>&nbsp;<\/p>\n<p>&nbsp;<\/p>\n<p>[\/et_pb_text][\/et_pb_column][\/et_pb_row][et_pb_row column_structure=\u00a0\u00bb1_4,1_4,1_4,1_4&Prime; _builder_version=\u00a0\u00bb4.16&Prime; background_color=\u00a0\u00bb#ffffff\u00a0\u00bb custom_padding=\u00a0\u00bb10px|10px|10px|10px|false|false\u00a0\u00bb global_colors_info=\u00a0\u00bb{}\u00a0\u00bb][et_pb_column type=\u00a0\u00bb1_4&Prime; _builder_version=\u00a0\u00bb4.16&Prime; global_colors_info=\u00a0\u00bb{}\u00a0\u00bb][et_pb_image src=\u00a0\u00bbhttp:\/\/coteacoast.org\/wp-content\/uploads\/2019\/11\/8_Phil.jpg\u00a0\u00bb _builder_version=\u00a0\u00bb4.16&Prime; global_colors_info=\u00a0\u00bb{}\u00a0\u00bb][\/et_pb_image][et_pb_text _builder_version=\u00a0\u00bb4.17.1&Prime; global_colors_info=\u00a0\u00bb{}\u00a0\u00bb]<\/p>\n<h3>Phil Grey<\/h3>\n<h6>Commission conversation anglaise<\/h6>\n<p>\ud83d\udceb\u00a0<a href=\"mailto:phil.grey@wanadoo.fr\">phil.grey@wanadoo.fr<\/a><\/p>\n<p>&nbsp;<\/p>\n<p>[\/et_pb_text][\/et_pb_column][et_pb_column type=\u00a0\u00bb1_4&Prime; _builder_version=\u00a0\u00bb4.16&Prime; global_colors_info=\u00a0\u00bb{}\u00a0\u00bb][et_pb_image src=\u00a0\u00bbhttp:\/\/coteacoast.org\/wp-content\/uploads\/2019\/11\/5_Catherine.jpg\u00a0\u00bb _builder_version=\u00a0\u00bb4.16&Prime; global_colors_info=\u00a0\u00bb{}\u00a0\u00bb][\/et_pb_image][et_pb_text _builder_version=\u00a0\u00bb4.17.1&Prime; global_colors_info=\u00a0\u00bb{}\u00a0\u00bb]<\/p>\n<h3>Catherine Guillot<\/h3>\n<h6>Secr\u00e9taire<\/h6>\n<p>\ud83d\udceb : <a href=\"mailto:cgs-rays@orange.fr\">cgs-rays@orange.fr<\/a><\/p>\n<p>&nbsp;<\/p>\n<p>[\/et_pb_text][\/et_pb_column][et_pb_column type=\u00a0\u00bb1_4&Prime; _builder_version=\u00a0\u00bb4.16&Prime; global_colors_info=\u00a0\u00bb{}\u00a0\u00bb][et_pb_image src=\u00a0\u00bbhttp:\/\/coteacoast.org\/wp-content\/uploads\/2019\/11\/6_Jeannette.jpg\u00a0\u00bb alt=\u00a0\u00bbJeanne Sarraud\u00a0\u00bb title_text=\u00a0\u00bbJeanne Sarraud\u00a0\u00bb _builder_version=\u00a0\u00bb4.17.1&Prime; global_colors_info=\u00a0\u00bb{}\u00a0\u00bb][\/et_pb_image][et_pb_text _builder_version=\u00a0\u00bb4.17.1&Prime; global_colors_info=\u00a0\u00bb{}\u00a0\u00bb]<\/p>\n<h3>Jeannette Sarraud<\/h3>\n<h6>Membre du CA<\/h6>\n<p><a href=\"mailto:sarraud.jeannette@gmail.com\">\ud83d\udcebsarraud.jeannette@gmail.com<\/a><\/p>\n<p>&nbsp;<\/p>\n<p>[\/et_pb_text][\/et_pb_column][et_pb_column type=\u00a0\u00bb1_4&Prime; _builder_version=\u00a0\u00bb4.16&Prime; global_colors_info=\u00a0\u00bb{}\u00a0\u00bb][et_pb_image src=\u00a0\u00bbhttp:\/\/coteacoast.org\/wp-content\/uploads\/2020\/10\/Me_BADIER_photo-identite-300&#215;300.jpg\u00a0\u00bb alt=\u00a0\u00bbMme Badier\u00a0\u00bb title_text=\u00a0\u00bbMe_BADIER_photo identit\u00e9\u00a0\u00bb _builder_version=\u00a0\u00bb4.16&Prime; global_colors_info=\u00a0\u00bb{}\u00a0\u00bb][\/et_pb_image][et_pb_text _builder_version=\u00a0\u00bb4.17.1&Prime; global_colors_info=\u00a0\u00bb{}\u00a0\u00bb]<\/p>\n<h3>Marie-Claude Badier<\/h3>\n<h6>Membre du CA, \u00e9lue municipale<\/h6>\n<p>&nbsp;<\/p>\n<p>&nbsp;<\/p>\n<p>[\/et_pb_text][\/et_pb_column][\/et_pb_row][et_pb_row column_structure=\u00a0\u00bb1_4,1_4,1_4,1_4&Prime; _builder_version=\u00a0\u00bb4.16&Prime; background_color=\u00a0\u00bb#ffffff\u00a0\u00bb custom_padding=\u00a0\u00bb10px|10px|10px|10px|false|false\u00a0\u00bb global_colors_info=\u00a0\u00bb{}\u00a0\u00bb][et_pb_column type=\u00a0\u00bb1_4&Prime; _builder_version=\u00a0\u00bb4.16&Prime; global_colors_info=\u00a0\u00bb{}\u00a0\u00bb][et_pb_image src=\u00a0\u00bbhttp:\/\/coteacoast.org\/wp-content\/uploads\/2024\/10\/Garcia-Jose-1.jpg\u00a0\u00bb alt=\u00a0\u00bbJos\u00e9 Garcia\u00a0\u00bb title_text=\u00a0\u00bbScreenshot\u00a0\u00bb _builder_version=\u00a0\u00bb4.27.0&Prime; global_colors_info=\u00a0\u00bb{}\u00a0\u00bb][\/et_pb_image][et_pb_text _builder_version=\u00a0\u00bb4.27.0&Prime; global_colors_info=\u00a0\u00bb{}\u00a0\u00bb]<\/p>\n<h3>Jos\u00e9 Garcia<\/h3>\n<h6>Membre du CA, \u00e9lu municipal<\/h6>\n<p>&nbsp;<\/p>\n<p>&nbsp;<\/p>\n<p>[\/et_pb_text][\/et_pb_column][et_pb_column type=\u00a0\u00bb1_4&Prime; _builder_version=\u00a0\u00bb4.16&Prime; global_colors_info=\u00a0\u00bb{}\u00a0\u00bb][et_pb_image src=\u00a0\u00bbhttp:\/\/coteacoast.org\/wp-content\/uploads\/2026\/03\/Piard-Gilles-1.jpg\u00a0\u00bb alt=\u00a0\u00bbGilles Piard\u00a0\u00bb title_text=\u00a0\u00bbScreenshot\u00a0\u00bb _builder_version=\u00a0\u00bb4.27.5&Prime; hover_enabled=\u00a0\u00bb0&Prime; global_colors_info=\u00a0\u00bb{}\u00a0\u00bb sticky_enabled=\u00a0\u00bb0&Prime;][\/et_pb_image][et_pb_text _builder_version=\u00a0\u00bb4.27.5&Prime; hover_enabled=\u00a0\u00bb0&Prime; global_colors_info=\u00a0\u00bb{}\u00a0\u00bb sticky_enabled=\u00a0\u00bb0&Prime;]<\/p>\n<h3>Gilles Piard<\/h3>\n<h6>Membre du CA<\/h6>\n<p><a href=\"mailto:gillespiard@wanadoo.fr\" class=\"\">gillespiard@wanadoo.fr<\/a><\/p>\n<p>&nbsp;<\/p>\n<p>&nbsp;<\/p>\n<p>&nbsp;<\/p>\n<p>[\/et_pb_text][\/et_pb_column][et_pb_column type=\u00a0\u00bb1_4&Prime; _builder_version=\u00a0\u00bb4.16&Prime; _module_preset=\u00a0\u00bbdefault\u00a0\u00bb global_colors_info=\u00a0\u00bb{}\u00a0\u00bb][et_pb_image src=\u00a0\u00bbhttp:\/\/coteacoast.org\/wp-content\/uploads\/2026\/03\/Wils-Yolande.jpg\u00a0\u00bb alt=\u00a0\u00bbYolande Wils\u00a0\u00bb title_text=\u00a0\u00bbScreenshot\u00a0\u00bb _builder_version=\u00a0\u00bb4.27.5&Prime; hover_enabled=\u00a0\u00bb0&Prime; global_colors_info=\u00a0\u00bb{}\u00a0\u00bb sticky_enabled=\u00a0\u00bb0&Prime;][\/et_pb_image][et_pb_text _builder_version=\u00a0\u00bb4.27.5&Prime; hover_enabled=\u00a0\u00bb0&Prime; global_colors_info=\u00a0\u00bb{}\u00a0\u00bb sticky_enabled=\u00a0\u00bb0&Prime;]<\/p>\n<h3>Yolande Wils<\/h3>\n<h6>Membre CA<\/h6>\n<p><a href=\"mailto:yolande@wils.fr\" class=\"\">yolande@wils.fr<\/a><\/p>\n<p>[\/et_pb_text][\/et_pb_column][et_pb_column type=\u00a0\u00bb1_4&Prime; _builder_version=\u00a0\u00bb4.16&Prime; _module_preset=\u00a0\u00bbdefault\u00a0\u00bb global_colors_info=\u00a0\u00bb{}\u00a0\u00bb][\/et_pb_column][\/et_pb_row][\/et_pb_section]<\/p>\n","protected":false},"excerpt":{"rendered":"<p>Le Conseil d&rsquo;administration &nbsp;Rosaleen Ardouin Pr\u00e9sidente 3, rue de l&rsquo;\u00eele de R\u00e9 17137 Marsilly \ud83d\udceb ardouin.evans@gmail.com \ud83d\udcf106 65 55 17 23 &nbsp;Jean-Marie Saubesty Vice-pr\u00e9sident \ud83d\udceb\u00a0jmsaubesty@orange.fr &nbsp; &nbsp; &nbsp;Henri Arnaudet Tr\u00e9sorier \ud83d\udceb henri.arnaudet@gmail.com &nbsp; &nbsp; &nbsp;Martine Millot tr\u00e9sori\u00e8re adjointe martine.m.millot@gmail.com &nbsp; &nbsp; &nbsp;Phil Grey Commission conversation anglaise \ud83d\udceb\u00a0phil.grey@wanadoo.fr &nbsp;Catherine Guillot Secr\u00e9taire \ud83d\udceb : cgs-rays@orange.fr &nbsp;Jeannette Sarraud [&hellip;]<\/p>\n","protected":false},"author":1,"featured_media":0,"parent":0,"menu_order":0,"comment_status":"closed","ping_status":"closed","template":"","meta":{"_et_pb_use_builder":"on","_et_pb_old_content":"","_et_gb_content_width":"","footnotes":""},"class_list":["post-16","page","type-page","status-publish","hentry"],"jetpack_sharing_enabled":true,"_links":{"self":[{"href":"https:\/\/coteacoast.org\/index.php\/wp-json\/wp\/v2\/pages\/16","targetHints":{"allow":["GET"]}}],"collection":[{"href":"https:\/\/coteacoast.org\/index.php\/wp-json\/wp\/v2\/pages"}],"about":[{"href":"https:\/\/coteacoast.org\/index.php\/wp-json\/wp\/v2\/types\/page"}],"author":[{"embeddable":true,"href":"https:\/\/coteacoast.org\/index.php\/wp-json\/wp\/v2\/users\/1"}],"replies":[{"embeddable":true,"href":"https:\/\/coteacoast.org\/index.php\/wp-json\/wp\/v2\/comments?post=16"}],"version-history":[{"count":5,"href":"https:\/\/coteacoast.org\/index.php\/wp-json\/wp\/v2\/pages\/16\/revisions"}],"predecessor-version":[{"id":1111,"href":"https:\/\/coteacoast.org\/index.php\/wp-json\/wp\/v2\/pages\/16\/revisions\/1111"}],"wp:attachment":[{"href":"https:\/\/coteacoast.org\/index.php\/wp-json\/wp\/v2\/media?parent=16"}],"curies":[{"name":"wp","href":"https:\/\/api.w.org\/{rel}","templated":true}]}}