{"id":11,"date":"2019-10-24T16:28:20","date_gmt":"2019-10-24T14:28:20","guid":{"rendered":"http:\/\/coteacoast.org\/?page_id=11"},"modified":"2026-03-02T18:41:30","modified_gmt":"2026-03-02T17:41:30","slug":"cote-a-coast-marsilly-baltimore","status":"publish","type":"page","link":"https:\/\/coteacoast.org\/","title":{"rendered":"C\u00f4te \u00e0 Coast Marsilly Baltimore"},"content":{"rendered":"<p>[et_pb_section fb_built=\u00a0\u00bb1&Prime; fullwidth=\u00a0\u00bbon\u00a0\u00bb _builder_version=\u00a0\u00bb4.16&Prime; global_colors_info=\u00a0\u00bb{}\u00a0\u00bb][et_pb_fullwidth_header title=\u00a0\u00bbAssociation C\u00f4te \u00e0 Coast  jumelage Marsilly France et Baltimore  Irlande\u00a0\u00bb _builder_version=\u00a0\u00bb4.16&Prime; background_color=\u00a0\u00bb#21a81c\u00a0\u00bb custom_padding=\u00a0\u00bb9px||0px||false|false\u00a0\u00bb global_colors_info=\u00a0\u00bb{}\u00a0\u00bb][\/et_pb_fullwidth_header][et_pb_fullwidth_slider _builder_version=\u00a0\u00bb4.16&Prime; header_font=\u00a0\u00bbIrish Grover||||||||\u00a0\u00bb custom_padding=\u00a0\u00bb||191px|||\u00a0\u00bb auto=\u00a0\u00bbon\u00a0\u00bb auto_speed=\u00a0\u00bb4000&Prime; global_colors_info=\u00a0\u00bb{}\u00a0\u00bb][et_pb_slide heading=\u00a0\u00bbC\u00f4te \u00e0 Coast\u00a0\u00bb _builder_version=\u00a0\u00bb4.16&Prime; background_image=\u00a0\u00bbhttp:\/\/coteacoast.org\/wp-content\/uploads\/2019\/10\/1-3-2_2018-05_Baltimotre_The-BEACON.jpg\u00a0\u00bb background_enable_image=\u00a0\u00bbon\u00a0\u00bb global_colors_info=\u00a0\u00bb{}\u00a0\u00bb sticky_transition=\u00a0\u00bbon\u00a0\u00bb]<\/p>\n<p>Jumelage Marsilly (France) et Baltimore (Irlande)<\/p>\n<p>[\/et_pb_slide][et_pb_slide _builder_version=\u00a0\u00bb4.16&Prime; background_image=\u00a0\u00bbhttp:\/\/coteacoast.org\/wp-content\/uploads\/2019\/10\/Jolie-Brise-pub-.jpg\u00a0\u00bb background_enable_image=\u00a0\u00bbon\u00a0\u00bb global_colors_info=\u00a0\u00bb{}\u00a0\u00bb sticky_transition=\u00a0\u00bbon\u00a0\u00bb][\/et_pb_slide][et_pb_slide heading=\u00a0\u00bbVoyages et \u00e9changes\u00a0\u00bb _builder_version=\u00a0\u00bb4.16&Prime; background_image=\u00a0\u00bbhttp:\/\/coteacoast.org\/wp-content\/uploads\/2019\/10\/groupe-jeune-.jpg\u00a0\u00bb background_enable_image=\u00a0\u00bbon\u00a0\u00bb global_colors_info=\u00a0\u00bb{}\u00a0\u00bb sticky_transition=\u00a0\u00bbon\u00a0\u00bb][\/et_pb_slide][et_pb_slide heading=\u00a0\u00bbMarsilly &#8211; Baltimore\u00a0\u00bb _builder_version=\u00a0\u00bb4.16&Prime; background_image=\u00a0\u00bbhttp:\/\/coteacoast.org\/wp-content\/uploads\/2019\/10\/Coucher-de-soleil-Port-de-la-Pelle.jpg\u00a0\u00bb background_enable_image=\u00a0\u00bbon\u00a0\u00bb global_colors_info=\u00a0\u00bb{}\u00a0\u00bb sticky_transition=\u00a0\u00bbon\u00a0\u00bb][\/et_pb_slide][\/et_pb_fullwidth_slider][\/et_pb_section][et_pb_section fb_built=\u00a0\u00bb1&Prime; _builder_version=\u00a0\u00bb4.16&Prime; background_color=\u00a0\u00bb #127c27&Prime; global_colors_info=\u00a0\u00bb{}\u00a0\u00bb][et_pb_row column_structure=\u00a0\u00bb1_3,1_3,1_3&Prime; admin_label=\u00a0\u00bbLigne\u00a0\u00bb _builder_version=\u00a0\u00bb4.16&Prime; background_color=\u00a0\u00bb#f2f2f2&Prime; global_colors_info=\u00a0\u00bb{}\u00a0\u00bb][et_pb_column type=\u00a0\u00bb1_3&Prime; _builder_version=\u00a0\u00bb4.16&Prime; global_colors_info=\u00a0\u00bb{}\u00a0\u00bb][et_pb_blurb title=\u00a0\u00bbLe conseil d&rsquo;administration\u00a0\u00bb use_icon=\u00a0\u00bbon\u00a0\u00bb font_icon=\u00a0\u00bb&#xe08b;||divi||400&Prime; icon_color=\u00a0\u00bb#127c27&Prime; _builder_version=\u00a0\u00bb4.16&Prime; _dynamic_attributes=\u00a0\u00bblink_option_url\u00a0\u00bb header_level=\u00a0\u00bbh2&Prime; header_font=\u00a0\u00bbIrish Grover||||||||\u00a0\u00bb header_text_align=\u00a0\u00bbcenter\u00a0\u00bb header_text_color=\u00a0\u00bb#21a81c\u00a0\u00bb link_option_url=\u00a0\u00bb@ET-DC@eyJkeW5hbWljIjp0cnVlLCJjb250ZW50IjoicG9zdF9saW5rX3VybF9wYWdlIiwic2V0dGluZ3MiOnsicG9zdF9pZCI6IjE2In19@\u00a0\u00bb global_colors_info=\u00a0\u00bb{}\u00a0\u00bb][\/et_pb_blurb][\/et_pb_column][et_pb_column type=\u00a0\u00bb1_3&Prime; _builder_version=\u00a0\u00bb4.16&Prime; global_colors_info=\u00a0\u00bb{}\u00a0\u00bb][et_pb_blurb title=\u00a0\u00bbLes commissions\u00a0\u00bb use_icon=\u00a0\u00bbon\u00a0\u00bb font_icon=\u00a0\u00bb&#xe108;||divi||400&Prime; icon_color=\u00a0\u00bb#127c27&Prime; _builder_version=\u00a0\u00bb4.16&Prime; _dynamic_attributes=\u00a0\u00bblink_option_url\u00a0\u00bb header_level=\u00a0\u00bbh2&Prime; header_font=\u00a0\u00bbIrish Grover||||||||\u00a0\u00bb header_text_align=\u00a0\u00bbcenter\u00a0\u00bb header_text_color=\u00a0\u00bb#21a81c\u00a0\u00bb link_option_url=\u00a0\u00bb@ET-DC@eyJkeW5hbWljIjp0cnVlLCJjb250ZW50IjoicG9zdF9saW5rX3VybF9wYWdlIiwic2V0dGluZ3MiOnsicG9zdF9pZCI6IjI3In19@\u00a0\u00bb global_colors_info=\u00a0\u00bb{}\u00a0\u00bb][\/et_pb_blurb][\/et_pb_column][et_pb_column type=\u00a0\u00bb1_3&Prime; _builder_version=\u00a0\u00bb4.16&Prime; global_colors_info=\u00a0\u00bb{}\u00a0\u00bb][et_pb_blurb title=\u00a0\u00bbAgenda \u00a0\u00bb use_icon=\u00a0\u00bbon\u00a0\u00bb font_icon=\u00a0\u00bb&#xe023;||divi||400&Prime; icon_color=\u00a0\u00bb#127c27&Prime; _builder_version=\u00a0\u00bb4.16&Prime; _dynamic_attributes=\u00a0\u00bblink_option_url\u00a0\u00bb header_level=\u00a0\u00bbh2&Prime; header_font=\u00a0\u00bbIrish Grover||||||||\u00a0\u00bb header_text_align=\u00a0\u00bbcenter\u00a0\u00bb header_text_color=\u00a0\u00bb#21a81c\u00a0\u00bb link_option_url=\u00a0\u00bb@ET-DC@eyJkeW5hbWljIjp0cnVlLCJjb250ZW50IjoicG9zdF9saW5rX3VybF9wYWdlIiwic2V0dGluZ3MiOnsicG9zdF9pZCI6IjU4In19@\u00a0\u00bb global_colors_info=\u00a0\u00bb{}\u00a0\u00bb][\/et_pb_blurb][\/et_pb_column][\/et_pb_row][et_pb_row column_structure=\u00a0\u00bb1_2,1_2&Prime; admin_label=\u00a0\u00bbActu \u00e0 la une\u00a0\u00bb _builder_version=\u00a0\u00bb4.27.5&Prime; _dynamic_attributes=\u00a0\u00bblink_option_url\u00a0\u00bb _module_preset=\u00a0\u00bbdefault\u00a0\u00bb link_option_url=\u00a0\u00bb@ET-DC@eyJkeW5hbWljIjp0cnVlLCJjb250ZW50IjoicG9zdF9saW5rX3VybF9wb3N0Iiwic2V0dGluZ3MiOnsicG9zdF9pZCI6IjEwNDQifX0=@\u00a0\u00bb global_colors_info=\u00a0\u00bb{}\u00a0\u00bb][et_pb_column type=\u00a0\u00bb1_2&Prime; _builder_version=\u00a0\u00bb4.27.4&Prime; _module_preset=\u00a0\u00bbdefault\u00a0\u00bb global_colors_info=\u00a0\u00bb{}\u00a0\u00bb][et_pb_image src=\u00a0\u00bbhttp:\/\/coteacoast.org\/wp-content\/uploads\/2026\/03\/Capture-decran-2026-03-02-a-18.40.12.png\u00a0\u00bb alt=\u00a0\u00bbforum des associations de Marsilly\u00a0\u00bb title_text=\u00a0\u00bbCapture d\u2019\u00e9cran 2026-03-02 \u00e0 18.40.12&Prime; _builder_version=\u00a0\u00bb4.27.5&Prime; _module_preset=\u00a0\u00bbdefault\u00a0\u00bb hover_enabled=\u00a0\u00bb0&Prime; global_colors_info=\u00a0\u00bb{}\u00a0\u00bb sticky_enabled=\u00a0\u00bb0&Prime;][\/et_pb_image][\/et_pb_column][et_pb_column type=\u00a0\u00bb1_2&Prime; _builder_version=\u00a0\u00bb4.27.4&Prime; _module_preset=\u00a0\u00bbdefault\u00a0\u00bb global_colors_info=\u00a0\u00bb{}\u00a0\u00bb][et_pb_image src=\u00a0\u00bbhttp:\/\/coteacoast.org\/wp-content\/uploads\/2026\/02\/TELE-Groupe-P-O-2.jpeg\u00a0\u00bb title_text=\u00a0\u00bbTELE Groupe P O 2&Prime; _builder_version=\u00a0\u00bb4.27.5&Prime; _module_preset=\u00a0\u00bbdefault\u00a0\u00bb global_colors_info=\u00a0\u00bb{}\u00a0\u00bb][\/et_pb_image][et_pb_image src=\u00a0\u00bbhttp:\/\/coteacoast.org\/wp-content\/uploads\/2026\/02\/The-Coast-Singers.jpeg\u00a0\u00bb title_text=\u00a0\u00bbThe Coast Singers\u00a0\u00bb _builder_version=\u00a0\u00bb4.27.5&Prime; _module_preset=\u00a0\u00bbdefault\u00a0\u00bb global_colors_info=\u00a0\u00bb{}\u00a0\u00bb][\/et_pb_image][\/et_pb_column][\/et_pb_row][et_pb_row admin_label=\u00a0\u00bbactus\u00a0\u00bb _builder_version=\u00a0\u00bb4.16&Prime; _module_preset=\u00a0\u00bbdefault\u00a0\u00bb global_colors_info=\u00a0\u00bb{}\u00a0\u00bb][et_pb_column type=\u00a0\u00bb4_4&Prime; _builder_version=\u00a0\u00bb4.16&Prime; _module_preset=\u00a0\u00bbdefault\u00a0\u00bb global_colors_info=\u00a0\u00bb{}\u00a0\u00bb][et_pb_text _builder_version=\u00a0\u00bb4.17.4&Prime; _dynamic_attributes=\u00a0\u00bblink_option_url\u00a0\u00bb _module_preset=\u00a0\u00bbdefault\u00a0\u00bb text_font=\u00a0\u00bbHabibi||||||||\u00a0\u00bb header_font=\u00a0\u00bbIrish Grover||||||||\u00a0\u00bb header_text_color=\u00a0\u00bb#21a81c\u00a0\u00bb header_2_font=\u00a0\u00bbIrish Grover||||||||\u00a0\u00bb header_2_text_color=\u00a0\u00bb#21a81c\u00a0\u00bb background_color=\u00a0\u00bb#efefef\u00a0\u00bb custom_margin=\u00a0\u00bb0px||||false|false\u00a0\u00bb custom_padding=\u00a0\u00bb10px||10px|15px|false|false\u00a0\u00bb link_option_url=\u00a0\u00bb@ET-DC@eyJkeW5hbWljIjp0cnVlLCJjb250ZW50IjoicG9zdF9saW5rX3VybF9wb3N0Iiwic2V0dGluZ3MiOnsicG9zdF9pZCI6IjY5NCJ9fQ==@\u00a0\u00bb global_colors_info=\u00a0\u00bb{}\u00a0\u00bb]<\/p>\n<h2>Conversation Anglaise<\/h2>\n<p>Anim\u00e9e par Phil Grey<\/p>\n<h3 style=\"text-align: center;\"><strong>Tous les mardi de 14h30 \u00e0 16h \u00e0 la salle du Petit Poucet<\/strong><\/h3>\n<p>&nbsp;<\/p>\n<p>[\/et_pb_text][et_pb_text _builder_version=\u00a0\u00bb4.17.4&Prime; _dynamic_attributes=\u00a0\u00bblink_option_url\u00a0\u00bb _module_preset=\u00a0\u00bbdefault\u00a0\u00bb text_font=\u00a0\u00bbHabibi||||||||\u00a0\u00bb header_font=\u00a0\u00bbIrish Grover||||||||\u00a0\u00bb header_text_color=\u00a0\u00bb#21a81c\u00a0\u00bb header_2_font=\u00a0\u00bbIrish Grover||||||||\u00a0\u00bb header_2_text_color=\u00a0\u00bb#21a81c\u00a0\u00bb background_color=\u00a0\u00bb#efefef\u00a0\u00bb custom_margin=\u00a0\u00bb0px||||false|false\u00a0\u00bb custom_padding=\u00a0\u00bb10px||10px|15px|false|false\u00a0\u00bb link_option_url=\u00a0\u00bb@ET-DC@eyJkeW5hbWljIjp0cnVlLCJjb250ZW50IjoicG9zdF9saW5rX3VybF9wb3N0Iiwic2V0dGluZ3MiOnsicG9zdF9pZCI6IjY5NCJ9fQ==@\u00a0\u00bb global_colors_info=\u00a0\u00bb{}\u00a0\u00bb]<\/p>\n<h2>R\u00e9unions mensuelles Get Together<\/h2>\n<p>Les premiers mercredis de chaque mois, \u00e0 partir de 10h30, les membres de C\u00f4te \u00e0 Coast se retrouvent au caf\u00e9 Le Marseilois de Marsilly pour un moment de convivialit\u00e9. L\u2019occasion est belle pour \u00e9changer sur les projets et activit\u00e9s de l\u2019association, mais aussi tout simplement entretenir les liens qui nous unissent.<\/p>\n<p>[\/et_pb_text][\/et_pb_column][\/et_pb_row][et_pb_row _builder_version=\u00a0\u00bb4.16&Prime; global_colors_info=\u00a0\u00bb{}\u00a0\u00bb][et_pb_column type=\u00a0\u00bb4_4&Prime; _builder_version=\u00a0\u00bb4.16&Prime; global_colors_info=\u00a0\u00bb{}\u00a0\u00bb][et_pb_text _builder_version=\u00a0\u00bb4.20.0&Prime; text_font=\u00a0\u00bbHabibi||||||||\u00a0\u00bb header_font=\u00a0\u00bbIrish Grover||||||||\u00a0\u00bb header_text_color=\u00a0\u00bb#21a81c\u00a0\u00bb header_2_font=\u00a0\u00bbIrish Grover||||||||\u00a0\u00bb header_2_text_color=\u00a0\u00bb#21a81c\u00a0\u00bb background_color=\u00a0\u00bb#efefef\u00a0\u00bb custom_margin=\u00a0\u00bb0px||||false|false\u00a0\u00bb custom_padding=\u00a0\u00bb10px||10px|15px|false|false\u00a0\u00bb global_colors_info=\u00a0\u00bb{}\u00a0\u00bb]<\/p>\n<h2>Accueillir nos amis irlandais \u00e0 Marsilly<\/h2>\n<p>C\u00f4te \u00e0 Coast organise des \u00e9v\u00e9nements et des rencontres avec les associations sportives et culturelles de Marsilly.<\/p>\n<h4>Golf &#8211; Rugby &#8211; Roller &#8211; p\u00e9tanques<\/h4>\n<p>Parcours de golf sur le magnifique 18 trous face \u00e0 l&rsquo;oc\u00e9an. Des rencontres de rugby, des parties de p\u00e9tanque et des promenades en roller.<\/p>\n<h4>P\u00eaches et nautisme<\/h4>\n<p>La p\u00eache au carrelet sur notre c\u00f4te atlantique. \u00c9changes avec la Soci\u00e9t\u00e9 de Sauvetage en Mer, SNSM.<\/p>\n<h4>Musique &#8211; Peinture &#8211; Danse Country &#8211; Photo &#8211; Poterie<\/h4>\n<p>Plus de 40 associations sont actives \u00e0 Marsilly et contribuent \u00e0 tisser des liens entre nous.<\/p>\n<h2>Leur faire d\u00e9couvrir notre r\u00e9gion<\/h2>\n<p>Visite de la c\u00f4te. D\u00e9couverte de Marsilly et de ses richesses patrimoniales et naturelles. Sans oublier les alentours proches, le port du Plomb, l&rsquo;\u00eele d&rsquo;Aix, l&rsquo;\u00eele de R\u00e9, La Rochelle.<\/p>\n<p>La ferme d&rsquo;autruches de Marsilly : <a href=\"https:\/\/autruche-de-laurette.com\" target=\"_blank\" rel=\"noopener noreferrer\">L&rsquo;Autruche de Laurette<\/a><\/p>\n<p>Le mus\u00e9e de la mytiliculture d&rsquo;Esnandes : <a href=\"http:\/\/maison-baiemaraispoitevin.fr\" target=\"_blank\" rel=\"noopener noreferrer\">Maison de la Baie du Marais Poitevin<\/a><\/p>\n<p>Visite du parc et spectacle au Puy du Fou :<a href=\"puydufou.com\/fr\" target=\"_blank\" rel=\"noopener noreferrer\"> Puy du Fou (Vend\u00e9e)<\/a><\/p>\n<h2>D\u00e9couvrir Baltimore en Irlande<\/h2>\n<p>Nos voyages en Irlande \u00e0 Baltimore, un accueil chaleureux par nos correspondants. Des activit\u00e9s sportives et culturelles. Musiques, danses dans une ambiance celtique.<\/p>\n<h2>Nous rejoindre et participer \u00e0 l&rsquo;aventure<\/h2>\n<p>L&rsquo;adh\u00e9sion est de 22 \u20ac pour une personne seule et de 35 \u20ac pour un couple.<\/p>\n<p>C\u00f4te \u00e0 coast est destin\u00e9e a tisser des liens avec la population de Baltimore, favoriser les \u00e9changes au sein des familles. chaque adh\u00e9rent s&rsquo;engage \u00e0 recevoir, si possible, nos correspondants irlandais. L&rsquo;associassion est ouverte \u00e0 tous les Marsellois(e) et \u00e0 tous les habitants des communes proches.<\/p>\n<p>[\/et_pb_text][\/et_pb_column][\/et_pb_row][et_pb_row _builder_version=\u00a0\u00bb4.16&Prime; _dynamic_attributes=\u00a0\u00bblink_option_url\u00a0\u00bb _module_preset=\u00a0\u00bbdefault\u00a0\u00bb link_option_url=\u00a0\u00bb@ET-DC@eyJkeW5hbWljIjp0cnVlLCJjb250ZW50IjoicG9zdF9saW5rX3VybF9wYWdlIiwic2V0dGluZ3MiOnsicG9zdF9pZCI6IjE1MSJ9fQ==@\u00a0\u00bb global_colors_info=\u00a0\u00bb{}\u00a0\u00bb][et_pb_column type=\u00a0\u00bb4_4&Prime; _builder_version=\u00a0\u00bb4.16&Prime; _module_preset=\u00a0\u00bbdefault\u00a0\u00bb global_colors_info=\u00a0\u00bb{}\u00a0\u00bb][et_pb_blog fullwidth=\u00a0\u00bboff\u00a0\u00bb posts_number=\u00a0\u00bb3&Prime; include_categories=\u00a0\u00bball\u00a0\u00bb show_author=\u00a0\u00bboff\u00a0\u00bb show_pagination=\u00a0\u00bboff\u00a0\u00bb _builder_version=\u00a0\u00bb4.16&Prime; background_color=\u00a0\u00bbrgba(0,0,0,0.37)\u00a0\u00bb width=\u00a0\u00bb100%\u00a0\u00bb module_alignment=\u00a0\u00bbcenter\u00a0\u00bb custom_padding=\u00a0\u00bb10px|10px|0px|10px|false|false\u00a0\u00bb global_colors_info=\u00a0\u00bb{}\u00a0\u00bb][\/et_pb_blog][\/et_pb_column][\/et_pb_row][\/et_pb_section][et_pb_section fb_built=\u00a0\u00bb1&Prime; fullwidth=\u00a0\u00bbon\u00a0\u00bb _builder_version=\u00a0\u00bb4.16&Prime; global_colors_info=\u00a0\u00bb{}\u00a0\u00bb][et_pb_fullwidth_slider _builder_version=\u00a0\u00bb4.16&Prime; header_font=\u00a0\u00bbIrish Grover||||||||\u00a0\u00bb body_font=\u00a0\u00bbHabibi||||||||\u00a0\u00bb background_image=\u00a0\u00bbhttp:\/\/coteacoast.org\/wp-content\/uploads\/2019\/10\/carte-postale-baltimore-2-.jpg\u00a0\u00bb link_option_url=\u00a0\u00bbhttps:\/\/www.baltimore.ie\u00a0\u00bb link_option_url_new_window=\u00a0\u00bbon\u00a0\u00bb global_colors_info=\u00a0\u00bb{}\u00a0\u00bb][et_pb_slide heading=\u00a0\u00bbVisitez le Site internet de Baltimore\u00a0\u00bb button_text=\u00a0\u00bbGo to Baltimore\u00a0\u00bb button_link=\u00a0\u00bbhttps:\/\/www.baltimore.ie\u00a0\u00bb url_new_window=\u00a0\u00bbon\u00a0\u00bb _builder_version=\u00a0\u00bb4.16&Prime; custom_button=\u00a0\u00bbon\u00a0\u00bb button_font=\u00a0\u00bbHabibi||||||||\u00a0\u00bb global_colors_info=\u00a0\u00bb{}\u00a0\u00bb sticky_transition=\u00a0\u00bbon\u00a0\u00bb][\/et_pb_slide][\/et_pb_fullwidth_slider][\/et_pb_section]<\/p>\n","protected":false},"excerpt":{"rendered":"<p>Jumelage Marsilly (France) et Baltimore (Irlande)Conversation Anglaise Anim\u00e9e par Phil Grey Tous les mardi de 14h30 \u00e0 16h \u00e0 la salle du Petit Poucet &nbsp;R\u00e9unions mensuelles Get Together Les premiers mercredis de chaque mois, \u00e0 partir de 10h30, les membres de C\u00f4te \u00e0 Coast se retrouvent au caf\u00e9 Le Marseilois de Marsilly pour un moment [&hellip;]<\/p>\n","protected":false},"author":1,"featured_media":0,"parent":0,"menu_order":0,"comment_status":"closed","ping_status":"closed","template":"","meta":{"_et_pb_use_builder":"on","_et_pb_old_content":"","_et_gb_content_width":"","footnotes":""},"class_list":["post-11","page","type-page","status-publish","hentry"],"jetpack_sharing_enabled":true,"_links":{"self":[{"href":"https:\/\/coteacoast.org\/index.php\/wp-json\/wp\/v2\/pages\/11","targetHints":{"allow":["GET"]}}],"collection":[{"href":"https:\/\/coteacoast.org\/index.php\/wp-json\/wp\/v2\/pages"}],"about":[{"href":"https:\/\/coteacoast.org\/index.php\/wp-json\/wp\/v2\/types\/page"}],"author":[{"embeddable":true,"href":"https:\/\/coteacoast.org\/index.php\/wp-json\/wp\/v2\/users\/1"}],"replies":[{"embeddable":true,"href":"https:\/\/coteacoast.org\/index.php\/wp-json\/wp\/v2\/comments?post=11"}],"version-history":[{"count":5,"href":"https:\/\/coteacoast.org\/index.php\/wp-json\/wp\/v2\/pages\/11\/revisions"}],"predecessor-version":[{"id":1090,"href":"https:\/\/coteacoast.org\/index.php\/wp-json\/wp\/v2\/pages\/11\/revisions\/1090"}],"wp:attachment":[{"href":"https:\/\/coteacoast.org\/index.php\/wp-json\/wp\/v2\/media?parent=11"}],"curies":[{"name":"wp","href":"https:\/\/api.w.org\/{rel}","templated":true}]}}